{"id":73,"date":"2020-09-08T20:26:40","date_gmt":"2020-09-08T20:26:40","guid":{"rendered":"http:\/\/zwillingshandbuch.de\/?page_id=73"},"modified":"2022-03-03T15:49:40","modified_gmt":"2022-03-03T15:49:40","slug":"die-elektrische-babywippe","status":"publish","type":"page","link":"http:\/\/zwillingshandbuch.de\/?page_id=73","title":{"rendered":"Die elektrische Babywippe"},"content":{"rendered":"\n<p>Nachdem die Kleinen auf das Licht der Welt erblickt haben, versucht man soweit wie m\u00f6glich alles vorbereitet zu haben. Ein sicherer Kinderwagen, eine sehr gro\u00dfe organisierte Wickeltasche, ein am besten sehr gro\u00dfen Wickeltisch und vielleicht schon ein seht stabiles Laufgitter. All dies soll den Kindern dabei helfen sich gut beh\u00fctet zu f\u00fchlen und einem Selbst das Gef\u00fchl zu geben, dass man alles soweit im Griff hat. Als Eltern w\u00fcrde man sich am liebsten 24 Stunden am Tag um die Babys k\u00fcmmern oder befassen, doch der Alltag l\u00e4sst dies nicht immer zu. Um sich ein paar Minuten am Tag<strong>&nbsp;Luft verschaffen<\/strong>&nbsp;kann, bietet sich hier ein Elektrische Schaukel an. Man hat so immer noch ein Kind, um das man sich k\u00fcmmern muss, aber solange das Schlafen von den Kleinen noch nicht synchron l\u00e4uft schl\u00e4ft meistens ein Kind. So kann&nbsp;man&nbsp;wenn ein Kind schl\u00e4ft, das Zweite in die Schaukel legen und etwas schaffen.&nbsp;<\/p>\n\n\n\n<p>Elektrische Wippen haben einen<strong>&nbsp;selbst\u00e4ndigen Antrieb<\/strong>, die manuelle Babywippen nicht haben. Manuelle Babywippen muss man selbst\u00e4ndig ansto\u00dfen oder werden durch Bewegung vom Kind heraus bewegt, was im ersten halben Jahr noch gar nicht funktioniert. Der Antrieb der automatischen Wippen wird durch Batterien oder per Netzteil gespeist. Hierbei haben elektrische Babywippen<strong>&nbsp;verschiedene Einstellungsm\u00f6glichkeiten, Geschwindigkeiten und oft auch Melodien oder beruhigende T\u00f6ne<\/strong>&nbsp;wie zum Beispiel Meeresrauschen, die je nach Lust und Laune eines der Kinder zum Einsatz kommen k\u00f6nnen. Hier k\u00f6nnen sich die kleinen schon sehr unterscheiden und nur durch testen kann man dieses herausbekommen. Die verschiedenen Melodien und Monotonen&nbsp;<strong>T\u00f6ne entspannen das Baby<\/strong>&nbsp;in der Schaukel, dabei. Wenn das zweite Baby mit im Raum ist wird es durch die Melodien ebenfalls beruhigt. Die Spielzeuge oder Pl\u00fcschtiere an der Babyschaukel bieten<strong>&nbsp;viele Besch\u00e4ftigungsm\u00f6glichkeiten&nbsp;<\/strong>f\u00fcr die Kleinen.&nbsp;<\/p>\n\n\n\n<p>Die elektrischen Babyschaukeln haben sowohl<strong>&nbsp;Vor- als auch Nachteile<\/strong>. Diese haben wir Ihnen hier einmal vorbereitet:&nbsp;<\/p>\n\n\n\n<div class=\"wp-block-columns is-layout-flex wp-container-core-columns-is-layout-9d6595d7 wp-block-columns-is-layout-flex\">\n<div class=\"wp-block-column is-layout-flow wp-block-column-is-layout-flow\">\n<p>Vorteile:<\/p>\n\n\n\n<ul class=\"wp-block-list\"><li>beruhigt eines der Babys&nbsp;<\/li><li>hilft beim Einschlafen&nbsp;<\/li><li>integrierte Spielb\u00f6gen und Melodien schulen Motorik und akustische F\u00e4higkeiten&nbsp;<\/li><li>Die Melodien beruhigen auch&nbsp;das zweite Baby&nbsp;im Raum&nbsp;<\/li><li>schneller Auf- und Abbau \u2013 ideal zum Transportieren&nbsp;<\/li><li>Eltern haben die H\u00e4nde frei und wissen das Kind trotzdem an einem sicheren Ort&nbsp;<\/li><\/ul>\n<\/div>\n\n\n\n<div class=\"wp-block-column is-layout-flow wp-block-column-is-layout-flow\">\n<p>Nachteile:<\/p>\n\n\n\n<ul class=\"wp-block-list\" id=\"block-991f8201-65a9-4a4c-85c6-308addd5be9f\"><li>nur f\u00fcr \u00fcberschaubaren Zeitraum nutzen, um Wirbels\u00e4ule nicht zu \u00fcberlasten<\/li><li>nie auf Tisch oder Stuhl abstellen \u2013 kann umkippen<\/li><\/ul>\n<\/div>\n<\/div>\n\n\n\n<iframe style=\"width:120px;height:240px;\" marginwidth=\"0\" marginheight=\"0\" scrolling=\"no\" frameborder=\"0\" src=\"\/\/ws-eu.amazon-adsystem.com\/widgets\/q?ServiceVersion=20070822&#038;OneJS=1&#038;Operation=GetAdHtml&#038;MarketPlace=DE&#038;source=ss&#038;ref=as_ss_li_til&#038;ad_type=product_link&#038;tracking_id=profamaliaver-21&#038;language=de_DE&#038;marketplace=amazon&#038;region=DE&#038;placement=B0759JYWK9&#038;asins=B0759JYWK9&#038;linkId=ec7943ac9b68a355a8576890186e8b6b&#038;show_border=true&#038;link_opens_in_new_window=true\"><\/iframe>\n","protected":false},"excerpt":{"rendered":"<p>Nachdem die Kleinen auf das Licht der Welt erblickt haben, versucht man soweit wie m\u00f6glich alles vorbereitet zu haben. Ein sicherer Kinderwagen, eine sehr gro\u00dfe organisierte Wickeltasche, ein am besten sehr gro\u00dfen Wickeltisch und vielleicht schon ein seht stabiles Laufgitter.<\/p>\n","protected":false},"author":1,"featured_media":0,"parent":0,"menu_order":0,"comment_status":"closed","ping_status":"closed","template":"","meta":{"footnotes":""},"class_list":["post-73","page","type-page","status-publish","hentry"],"_links":{"self":[{"href":"http:\/\/zwillingshandbuch.de\/index.php?rest_route=\/wp\/v2\/pages\/73","targetHints":{"allow":["GET"]}}],"collection":[{"href":"http:\/\/zwillingshandbuch.de\/index.php?rest_route=\/wp\/v2\/pages"}],"about":[{"href":"http:\/\/zwillingshandbuch.de\/index.php?rest_route=\/wp\/v2\/types\/page"}],"author":[{"embeddable":true,"href":"http:\/\/zwillingshandbuch.de\/index.php?rest_route=\/wp\/v2\/users\/1"}],"replies":[{"embeddable":true,"href":"http:\/\/zwillingshandbuch.de\/index.php?rest_route=%2Fwp%2Fv2%2Fcomments&post=73"}],"version-history":[{"count":5,"href":"http:\/\/zwillingshandbuch.de\/index.php?rest_route=\/wp\/v2\/pages\/73\/revisions"}],"predecessor-version":[{"id":83,"href":"http:\/\/zwillingshandbuch.de\/index.php?rest_route=\/wp\/v2\/pages\/73\/revisions\/83"}],"wp:attachment":[{"href":"http:\/\/zwillingshandbuch.de\/index.php?rest_route=%2Fwp%2Fv2%2Fmedia&parent=73"}],"curies":[{"name":"wp","href":"https:\/\/api.w.org\/{rel}","templated":true}]}}