{"id":63,"date":"2020-09-08T10:00:49","date_gmt":"2020-09-08T10:00:49","guid":{"rendered":"http:\/\/zwillingshandbuch.de\/?page_id=63"},"modified":"2020-09-08T10:00:49","modified_gmt":"2020-09-08T10:00:49","slug":"sparen","status":"publish","type":"page","link":"http:\/\/zwillingshandbuch.de\/?page_id=63","title":{"rendered":"Sparen"},"content":{"rendered":"\n<figure class=\"wp-block-image size-large is-resized\"><img decoding=\"async\" src=\"http:\/\/zwillingshandbuch.de\/wp-content\/uploads\/2020\/02\/zeit_und_geld.png\" alt=\"\" class=\"wp-image-19\" width=\"100\" srcset=\"http:\/\/zwillingshandbuch.de\/wp-content\/uploads\/2020\/02\/zeit_und_geld.png 981w, http:\/\/zwillingshandbuch.de\/wp-content\/uploads\/2020\/02\/zeit_und_geld-294x300.png 294w, http:\/\/zwillingshandbuch.de\/wp-content\/uploads\/2020\/02\/zeit_und_geld-768x783.png 768w\" sizes=\"(max-width: 981px) 100vw, 981px\" \/><\/figure>\n\n\n\n<p>Ob Zeit oder Geld, als Zwillingseltern muss man in den meisten F\u00e4llen sparen. Wer einen Haush\u00e4lter hat oder ein Au Pair M\u00e4dchen, der muss sich um diese Themen wahrscheinlich nicht k\u00fcmmern. Doch wir, wie auch die meisten Zwillingseltern die wir kennen und mit den wir gesprochen haben, k\u00f6nnen sich so etwas nicht leisten. Um viel Zeit f\u00fcr die Kinder zu haben und nicht zu viel Zeit mit Einkaufen selbst zu verschwenden, ist dies das vierte gro\u00dfe Thema, dem wir uns mit unserer Website widmen.<\/p>\n","protected":false},"excerpt":{"rendered":"<p>Ob Zeit oder Geld, als Zwillingseltern muss man in den meisten F\u00e4llen sparen. Wer einen Haush\u00e4lter hat oder ein Au Pair M\u00e4dchen, der muss sich um diese Themen wahrscheinlich nicht k\u00fcmmern. Doch wir, wie auch die meisten Zwillingseltern die wir<\/p>\n","protected":false},"author":1,"featured_media":0,"parent":0,"menu_order":0,"comment_status":"closed","ping_status":"closed","template":"","meta":{"footnotes":""},"class_list":["post-63","page","type-page","status-publish","hentry"],"_links":{"self":[{"href":"http:\/\/zwillingshandbuch.de\/index.php?rest_route=\/wp\/v2\/pages\/63","targetHints":{"allow":["GET"]}}],"collection":[{"href":"http:\/\/zwillingshandbuch.de\/index.php?rest_route=\/wp\/v2\/pages"}],"about":[{"href":"http:\/\/zwillingshandbuch.de\/index.php?rest_route=\/wp\/v2\/types\/page"}],"author":[{"embeddable":true,"href":"http:\/\/zwillingshandbuch.de\/index.php?rest_route=\/wp\/v2\/users\/1"}],"replies":[{"embeddable":true,"href":"http:\/\/zwillingshandbuch.de\/index.php?rest_route=%2Fwp%2Fv2%2Fcomments&post=63"}],"version-history":[{"count":1,"href":"http:\/\/zwillingshandbuch.de\/index.php?rest_route=\/wp\/v2\/pages\/63\/revisions"}],"predecessor-version":[{"id":64,"href":"http:\/\/zwillingshandbuch.de\/index.php?rest_route=\/wp\/v2\/pages\/63\/revisions\/64"}],"wp:attachment":[{"href":"http:\/\/zwillingshandbuch.de\/index.php?rest_route=%2Fwp%2Fv2%2Fmedia&parent=63"}],"curies":[{"name":"wp","href":"https:\/\/api.w.org\/{rel}","templated":true}]}}