{"id":57,"date":"2020-09-08T09:44:20","date_gmt":"2020-09-08T09:44:20","guid":{"rendered":"http:\/\/zwillingshandbuch.de\/?page_id=57"},"modified":"2020-09-08T09:44:20","modified_gmt":"2020-09-08T09:44:20","slug":"schlaf","status":"publish","type":"page","link":"http:\/\/zwillingshandbuch.de\/?page_id=57","title":{"rendered":"Schlaf"},"content":{"rendered":"\n<figure class=\"wp-block-image size-large is-resized\"><img decoding=\"async\" src=\"http:\/\/zwillingshandbuch.de\/wp-content\/uploads\/2020\/02\/sleep.png\" alt=\"\" class=\"wp-image-16\" width=\"100\" srcset=\"http:\/\/zwillingshandbuch.de\/wp-content\/uploads\/2020\/02\/sleep.png 512w, http:\/\/zwillingshandbuch.de\/wp-content\/uploads\/2020\/02\/sleep-300x300.png 300w, http:\/\/zwillingshandbuch.de\/wp-content\/uploads\/2020\/02\/sleep-150x150.png 150w\" sizes=\"(max-width: 512px) 100vw, 512px\" \/><\/figure>\n\n\n\n<p>Dieses Thema ist eines der Spannendsten Themengebiete rund um Zwillinge. Nichts macht die Eltern so fertig, wie zu wenig Schlaf. Hier haben wir uns etliche N\u00e4chte um die Ohren gehauen um die richtigen Strategien zu finden, wie wir ausreichend Schlaf bekommen und f\u00fcr die Kleinen trotzdem immer sofort da sein zu k\u00f6nnen.<\/p>\n\n\n\n<p>Hier ist auf jeden Fall zu Unterscheiden, ob beide Elternteile da sind oder man nur alleine dar stehet, damit der andere Elternteil arbeiten kann.<\/p>\n","protected":false},"excerpt":{"rendered":"<p>Dieses Thema ist eines der Spannendsten Themengebiete rund um Zwillinge. Nichts macht die Eltern so fertig, wie zu wenig Schlaf. Hier haben wir uns etliche N\u00e4chte um die Ohren gehauen um die richtigen Strategien zu finden, wie wir ausreichend Schlaf<\/p>\n","protected":false},"author":1,"featured_media":0,"parent":0,"menu_order":0,"comment_status":"closed","ping_status":"closed","template":"","meta":{"footnotes":""},"class_list":["post-57","page","type-page","status-publish","hentry"],"_links":{"self":[{"href":"http:\/\/zwillingshandbuch.de\/index.php?rest_route=\/wp\/v2\/pages\/57","targetHints":{"allow":["GET"]}}],"collection":[{"href":"http:\/\/zwillingshandbuch.de\/index.php?rest_route=\/wp\/v2\/pages"}],"about":[{"href":"http:\/\/zwillingshandbuch.de\/index.php?rest_route=\/wp\/v2\/types\/page"}],"author":[{"embeddable":true,"href":"http:\/\/zwillingshandbuch.de\/index.php?rest_route=\/wp\/v2\/users\/1"}],"replies":[{"embeddable":true,"href":"http:\/\/zwillingshandbuch.de\/index.php?rest_route=%2Fwp%2Fv2%2Fcomments&post=57"}],"version-history":[{"count":1,"href":"http:\/\/zwillingshandbuch.de\/index.php?rest_route=\/wp\/v2\/pages\/57\/revisions"}],"predecessor-version":[{"id":58,"href":"http:\/\/zwillingshandbuch.de\/index.php?rest_route=\/wp\/v2\/pages\/57\/revisions\/58"}],"wp:attachment":[{"href":"http:\/\/zwillingshandbuch.de\/index.php?rest_route=%2Fwp%2Fv2%2Fmedia&parent=57"}],"curies":[{"name":"wp","href":"https:\/\/api.w.org\/{rel}","templated":true}]}}